{"id":175,"date":"2025-10-28T08:32:12","date_gmt":"2025-10-28T08:32:12","guid":{"rendered":"https:\/\/buddhabar.svetsajtova.com\/?page_id=175"},"modified":"2025-10-28T15:41:54","modified_gmt":"2025-10-28T15:41:54","slug":"o-nama","status":"publish","type":"page","link":"https:\/\/buddhabar.svetsajtova.com\/en\/o-nama\/","title":{"rendered":"O nama"},"content":{"rendered":"<div data-elementor-type=\"wp-page\" data-elementor-id=\"175\" class=\"elementor elementor-175\" data-elementor-settings=\"{&quot;element_pack_global_tooltip_width&quot;:{&quot;unit&quot;:&quot;px&quot;,&quot;size&quot;:&quot;&quot;,&quot;sizes&quot;:[]},&quot;element_pack_global_tooltip_width_tablet&quot;:{&quot;unit&quot;:&quot;px&quot;,&quot;size&quot;:&quot;&quot;,&quot;sizes&quot;:[]},&quot;element_pack_global_tooltip_width_mobile&quot;:{&quot;unit&quot;:&quot;px&quot;,&quot;size&quot;:&quot;&quot;,&quot;sizes&quot;:[]},&quot;element_pack_global_tooltip_padding&quot;:{&quot;unit&quot;:&quot;px&quot;,&quot;top&quot;:&quot;&quot;,&quot;right&quot;:&quot;&quot;,&quot;bottom&quot;:&quot;&quot;,&quot;left&quot;:&quot;&quot;,&quot;isLinked&quot;:true},&quot;element_pack_global_tooltip_padding_tablet&quot;:{&quot;unit&quot;:&quot;px&quot;,&quot;top&quot;:&quot;&quot;,&quot;right&quot;:&quot;&quot;,&quot;bottom&quot;:&quot;&quot;,&quot;left&quot;:&quot;&quot;,&quot;isLinked&quot;:true},&quot;element_pack_global_tooltip_padding_mobile&quot;:{&quot;unit&quot;:&quot;px&quot;,&quot;top&quot;:&quot;&quot;,&quot;right&quot;:&quot;&quot;,&quot;bottom&quot;:&quot;&quot;,&quot;left&quot;:&quot;&quot;,&quot;isLinked&quot;:true},&quot;element_pack_global_tooltip_border_radius&quot;:{&quot;unit&quot;:&quot;px&quot;,&quot;top&quot;:&quot;&quot;,&quot;right&quot;:&quot;&quot;,&quot;bottom&quot;:&quot;&quot;,&quot;left&quot;:&quot;&quot;,&quot;isLinked&quot;:true},&quot;element_pack_global_tooltip_border_radius_tablet&quot;:{&quot;unit&quot;:&quot;px&quot;,&quot;top&quot;:&quot;&quot;,&quot;right&quot;:&quot;&quot;,&quot;bottom&quot;:&quot;&quot;,&quot;left&quot;:&quot;&quot;,&quot;isLinked&quot;:true},&quot;element_pack_global_tooltip_border_radius_mobile&quot;:{&quot;unit&quot;:&quot;px&quot;,&quot;top&quot;:&quot;&quot;,&quot;right&quot;:&quot;&quot;,&quot;bottom&quot;:&quot;&quot;,&quot;left&quot;:&quot;&quot;,&quot;isLinked&quot;:true}}\" data-elementor-post-type=\"page\">\n\t\t\t\t<div class=\"elementor-element elementor-element-2b86a92 e-flex e-con-boxed e-con e-parent\" data-id=\"2b86a92\" data-element_type=\"container\" data-settings=\"{&quot;background_background&quot;:&quot;classic&quot;}\">\n\t\t\t\t\t<div class=\"e-con-inner\">\n\t\t<div class=\"elementor-element elementor-element-8716bde e-con-full e-flex e-con e-child\" data-id=\"8716bde\" data-element_type=\"container\">\n\t\t\t\t<div class=\"elementor-element elementor-element-2642d51 elementor-widget elementor-widget-heading\" data-id=\"2642d51\" data-element_type=\"widget\" data-widget_type=\"heading.default\">\n\t\t\t\t\t<h2 class=\"elementor-heading-title elementor-size-default\">Na\u0161a istorija<\/h2>\t\t\t\t<\/div>\n\t\t\t\t<div class=\"elementor-element elementor-element-8d39d25 elementor-widget elementor-widget-heading\" data-id=\"8d39d25\" data-element_type=\"widget\" data-widget_type=\"heading.default\">\n\t\t\t\t\t<h2 class=\"elementor-heading-title elementor-size-default\">O Buddha Baru<\/h2>\t\t\t\t<\/div>\n\t\t\t\t<div class=\"elementor-element elementor-element-4a50e1c elementor-widget elementor-widget-text-editor\" data-id=\"4a50e1c\" data-element_type=\"widget\" data-widget_type=\"text-editor.default\">\n\t\t\t\t\t\t\t\t\t<p>Od prepoznatljivih specijaliteta poput tartara od govedine i najboljeg pirea u Parizu, pa sve do jedinstvenih jela kao \u0161to su tankoo se\u010dene arti\u010doke iz Bretanje sa tartufima \u2014 svako jelo u Buddha-Baru Beograd predstavlja pravo gastronomsko iskustvo.<\/p><p>Prvi Buddha-Bar restoran na Balkanu prona\u0161ao je svoje savr\u0161eno mesto u novom ekskluzivnom centru srpske prestonice \u2014 na promenadi Belgrade Waterfront-a.<\/p><p>Gosti ovde ne u\u017eivaju samo u egzoti\u010dnom Buddha-Bar do\u017eivljaju, ve\u0107 ose\u0107aju i poseban beogradski duh koji daje jedinstveni \u0161arm ovom izuzetnom mestu.<\/p>\t\t\t\t\t\t\t\t<\/div>\n\t\t\t\t<\/div>\n\t\t<div class=\"elementor-element elementor-element-9d30681 e-con-full e-flex e-con e-child\" data-id=\"9d30681\" data-element_type=\"container\">\n\t\t\t\t<\/div>\n\t\t\t\t\t<\/div>\n\t\t\t\t<\/div>\n\t\t<div class=\"elementor-element elementor-element-04b96c0 e-flex e-con-boxed e-con e-parent\" data-id=\"04b96c0\" data-element_type=\"container\" data-settings=\"{&quot;background_background&quot;:&quot;classic&quot;}\">\n\t\t\t\t\t<div class=\"e-con-inner\">\n\t\t<div class=\"elementor-element elementor-element-9a5c7d6 e-con-full e-flex e-con e-child\" data-id=\"9a5c7d6\" data-element_type=\"container\">\n\t\t\t\t<div class=\"elementor-element elementor-element-14757a5 elementor-widget elementor-widget-heading\" data-id=\"14757a5\" data-element_type=\"widget\" data-widget_type=\"heading.default\">\n\t\t\t\t\t<h2 class=\"elementor-heading-title elementor-size-default\">Ambijent<\/h2>\t\t\t\t<\/div>\n\t\t\t\t<div class=\"elementor-element elementor-element-a81479a elementor-widget elementor-widget-heading\" data-id=\"a81479a\" data-element_type=\"widget\" data-widget_type=\"heading.default\">\n\t\t\t\t\t<h2 class=\"elementor-heading-title elementor-size-default\">Buddha Bar<\/h2>\t\t\t\t<\/div>\n\t\t\t\t<div class=\"elementor-element elementor-element-323f010 elementor-widget elementor-widget-text-editor\" data-id=\"323f010\" data-element_type=\"widget\" data-widget_type=\"text-editor.default\">\n\t\t\t\t\t\t\t\t\t<p>Pet metara visoka, impozantna Buddha statua dominira enterijerom restorana Buddha-Bar Beograd.<\/p><p>Kompletan dekor, boje i \u0161are pa\u017eljivo su uskla\u0111eni tako da tokom boravka u restoranu ima\u0161 ose\u0107aj kao da si otputovao u udaljene azijske predele \u2014 bez napu\u0161tanja srca Beograda.<\/p>\t\t\t\t\t\t\t\t<\/div>\n\t\t\t\t<div class=\"elementor-element elementor-element-c4f8b87 elementor-widget elementor-widget-heading\" data-id=\"c4f8b87\" data-element_type=\"widget\" data-widget_type=\"heading.default\">\n\t\t\t\t\t<h2 class=\"elementor-heading-title elementor-size-default\">Kapacitet restorana<\/h2>\t\t\t\t<\/div>\n\t\t\t\t<div class=\"elementor-element elementor-element-0889edd elementor-widget elementor-widget-text-editor\" data-id=\"0889edd\" data-element_type=\"widget\" data-widget_type=\"text-editor.default\">\n\t\t\t\t\t\t\t\t\t<p>Kapacitet restorana u unutra\u0161njem delu iznosi 150 mesta, a pored toga gosti imaju pristup i galerijskom prostoru sa 50 mesta, idealnom za privatne proslave, poslovne sastanke, seminare i razli\u010dite doga\u0111aje u intimnijoj atmosferi.<\/p><p>Pored standardnog restoranskog prostora, ba\u0161ta restorana nudi dodatni kapacitet od 100 mesta, savr\u0161enih za u\u017eivanje na otvorenom uz pogled i ambijent Buddha-Bar Beograda.<\/p>\t\t\t\t\t\t\t\t<\/div>\n\t\t\t\t<div class=\"elementor-element elementor-element-609ffca elementor-widget elementor-widget-button\" data-id=\"609ffca\" data-element_type=\"widget\" data-widget_type=\"button.default\">\n\t\t\t\t\t\t\t\t\t\t<a class=\"elementor-button elementor-button-link elementor-size-sm\" href=\"#\">\n\t\t\t\t\t\t<span class=\"elementor-button-content-wrapper\">\n\t\t\t\t\t\t\t\t\t<span class=\"elementor-button-text\">Rezervacija<\/span>\n\t\t\t\t\t<\/span>\n\t\t\t\t\t<\/a>\n\t\t\t\t\t\t\t\t<\/div>\n\t\t\t\t<\/div>\n\t\t<div class=\"elementor-element elementor-element-342b00c e-con-full e-flex e-con e-child\" data-id=\"342b00c\" data-element_type=\"container\">\n\t\t\t\t<\/div>\n\t\t\t\t\t<\/div>\n\t\t\t\t<\/div>\n\t\t\t\t<\/div>","protected":false},"excerpt":{"rendered":"<p>Na\u0161a istorija O Buddha Baru Od prepoznatljivih specijaliteta poput tartara od govedine i najboljeg pirea u Parizu, pa sve do jedinstvenih jela [&hellip;]<\/p>","protected":false},"author":1,"featured_media":0,"parent":0,"menu_order":0,"comment_status":"closed","ping_status":"closed","template":"","meta":{"footnotes":""},"class_list":["post-175","page","type-page","status-publish","hentry"],"_links":{"self":[{"href":"https:\/\/buddhabar.svetsajtova.com\/en\/wp-json\/wp\/v2\/pages\/175","targetHints":{"allow":["GET"]}}],"collection":[{"href":"https:\/\/buddhabar.svetsajtova.com\/en\/wp-json\/wp\/v2\/pages"}],"about":[{"href":"https:\/\/buddhabar.svetsajtova.com\/en\/wp-json\/wp\/v2\/types\/page"}],"author":[{"embeddable":true,"href":"https:\/\/buddhabar.svetsajtova.com\/en\/wp-json\/wp\/v2\/users\/1"}],"replies":[{"embeddable":true,"href":"https:\/\/buddhabar.svetsajtova.com\/en\/wp-json\/wp\/v2\/comments?post=175"}],"version-history":[{"count":7,"href":"https:\/\/buddhabar.svetsajtova.com\/en\/wp-json\/wp\/v2\/pages\/175\/revisions"}],"predecessor-version":[{"id":282,"href":"https:\/\/buddhabar.svetsajtova.com\/en\/wp-json\/wp\/v2\/pages\/175\/revisions\/282"}],"wp:attachment":[{"href":"https:\/\/buddhabar.svetsajtova.com\/en\/wp-json\/wp\/v2\/media?parent=175"}],"curies":[{"name":"wp","href":"https:\/\/api.w.org\/{rel}","templated":true}]}}